{"id":46,"date":"2025-07-28T13:06:21","date_gmt":"2025-07-28T11:06:21","guid":{"rendered":"https:\/\/rezydencjaflorina.pl\/?page_id=46"},"modified":"2026-03-13T16:26:15","modified_gmt":"2026-03-13T15:26:15","slug":"kontakt","status":"publish","type":"page","link":"https:\/\/rezydencjaflorina.pl\/en\/kontakt\/","title":{"rendered":"Contact Us"},"content":{"rendered":"<div class=\"gb-element-8f99ccd8\" style=\"--inline-bg-image: url(https:\/\/rezydencjaflorina.pl\/wp-content\/uploads\/2025\/08\/kontakt.webp)\">\n<h1 class=\"gb-text gb-text-1fa02571\">Contact Us<\/h1>\n<\/div>\n\n\n\n<div class=\"gb-inner-container gb-element-3a69016c\">\n<h2 class=\"gb-text gb-text-17a2a1b5\">Book an appointment<\/h2>\n\n\n\n<div id=\"apartmentIframe2820283\">\n<script type=\"text\/javascript\" src=\"https:\/\/login.smoobu.com\/js\/Settings\/BookingToolIframe.js\"><\/script>\n<script>BookingToolIframe.initialize({\"url\": \"https:\/\/login.smoobu.com\/pl\/booking-tool\/iframe\/1326978\/2820283\", \"baseUrl\": \"https:\/\/login.smoobu.com\", \"target\": \"#apartmentIframe2820283\"})<\/script>\n<\/div>\n<\/div>\n\n\n\n<div class=\"gb-inner-container\">\n<div class=\"wp-block-group is-two-columns is-content-justification-space-between is-layout-flex wp-container-core-group-is-layout-cb5ed401 wp-block-group-is-layout-flex\">\n<div class=\"wp-block-group is-vertical is-layout-flex wp-container-core-group-is-layout-70e34d77 wp-block-group-is-layout-flex\" style=\"padding-top:6px;padding-bottom:6px\">\n<div>\n<h2 class=\"gb-text\">Contact Information<\/h2>\n<\/div>\n\n\n\n<div class=\"wp-block-group is-vertical is-layout-flex wp-container-core-group-is-layout-fe9cc265 wp-block-group-is-layout-flex\">\n<div class=\"gb-text-with-icon\"><span class=\"gb-shape\"><svg viewbox=\"0 0 473.806 473.806\"><path d=\"M374.456 293.506c-9.7-10.1-21.4-15.5-33.8-15.5-12.3 0-24.1 5.3-34.2 15.4l-31.6 31.5c-2.6-1.4-5.2-2.7-7.7-4-3.6-1.8-7-3.5-9.9-5.3-29.6-18.8-56.5-43.3-82.3-75-12.5-15.8-20.9-29.1-27-42.6 8.2-7.5 15.8-15.3 23.2-22.8 2.8-2.8 5.6-5.7 8.4-8.5 21-21 21-48.2 0-69.2l-27.3-27.3c-3.1-3.1-6.3-6.3-9.3-9.5-6-6.2-12.3-12.6-18.8-18.6-9.7-9.6-21.3-14.7-33.5-14.7s-24 5.1-34 14.7l-.2.2-34 34.3c-12.8 12.8-20.1 28.4-21.7 46.5-2.4 29.2 6.2 56.4 12.8 74.2 16.2 43.7 40.4 84.2 76.5 127.6 43.8 52.3 96.5 93.6 156.7 122.7 23 10.9 53.7 23.8 88 26 2.1.1 4.3.2 6.3.2 23.1 0 42.5-8.3 57.7-24.8.1-.2.3-.3.4-.5 5.2-6.3 11.2-12 17.5-18.1 4.3-4.1 8.7-8.4 13-12.9 9.9-10.3 15.1-22.3 15.1-34.6 0-12.4-5.3-24.3-15.4-34.3l-54.9-55.1zm35.8 105.3c-.1 0-.1.1 0 0-3.9 4.2-7.9 8-12.2 12.2-6.5 6.2-13.1 12.7-19.3 20-10.1 10.8-22 15.9-37.6 15.9-1.5 0-3.1 0-4.6-.1-29.7-1.9-57.3-13.5-78-23.4-56.6-27.4-106.3-66.3-147.6-115.6-34.1-41.1-56.9-79.1-72-119.9-9.3-24.9-12.7-44.3-11.2-62.6 1-11.7 5.5-21.4 13.8-29.7l34.1-34.1c4.9-4.6 10.1-7.1 15.2-7.1 6.3 0 11.4 3.8 14.6 7l.3.3c6.1 5.7 11.9 11.6 18 17.9 3.1 3.2 6.3 6.4 9.5 9.7l27.3 27.3c10.6 10.6 10.6 20.4 0 31-2.9 2.9-5.7 5.8-8.6 8.6-8.4 8.6-16.4 16.6-25.1 24.4-.2.2-.4.3-.5.5-8.6 8.6-7 17-5.2 22.7l.3.9c7.1 17.2 17.1 33.4 32.3 52.7l.1.1c27.6 34 56.7 60.5 88.8 80.8 4.1 2.6 8.3 4.7 12.3 6.7 3.6 1.8 7 3.5 9.9 5.3.4.2.8.5 1.2.7 3.4 1.7 6.6 2.5 9.9 2.5 8.3 0 13.5-5.2 15.2-6.9l34.2-34.2c3.4-3.4 8.8-7.5 15.1-7.5 6.2 0 11.3 3.9 14.4 7.3l.2.2 55.1 55.1c10.3 10.2 10.3 20.7.1 31.3zM256.056 112.706c26.2 4.4 50 16.8 69 35.8s31.3 42.8 35.8 69c1.1 6.6 6.8 11.2 13.3 11.2.8 0 1.5-.1 2.3-.2 7.4-1.2 12.3-8.2 11.1-15.6-5.4-31.7-20.4-60.6-43.3-83.5s-51.8-37.9-83.5-43.3c-7.4-1.2-14.3 3.7-15.6 11s3.5 14.4 10.9 15.6zM473.256 209.006c-8.9-52.2-33.5-99.7-71.3-137.5s-85.3-62.4-137.5-71.3c-7.3-1.3-14.2 3.7-15.5 11-1.2 7.4 3.7 14.3 11.1 15.6 46.6 7.9 89.1 30 122.9 63.7 33.8 33.8 55.8 76.3 63.7 122.9 1.1 6.6 6.8 11.2 13.3 11.2.8 0 1.5-.1 2.3-.2 7.3-1.1 12.3-8.1 11-15.4z\"><\/path><\/svg><\/span><span class=\"gb-text\"><a href=\"tel:+48574494264\" data-type=\"tel\" data-id=\"tel:+48574494264\">574 494 264<\/a><\/span><\/div>\n\n\n\n<hr class=\"wp-block-separator has-text-color has-custom-violett-dark-color has-alpha-channel-opacity has-custom-violett-dark-background-color has-background is-style-wide wp-container-content-9d25eabc\"\/>\n\n\n\n<div class=\"gb-text-with-icon\"><span class=\"gb-shape\"><svg viewbox=\"0 0 60 60\"><g><path d=\"M31.238 33.99a22.112 22.112 0 0 1-6.604-1.042 9.99 9.99 0 0 1-6.636-7.563c-.753-3.626.62-7.46 3.764-10.52a17.43 17.43 0 0 1 1.052-.944 12.746 12.746 0 0 1 11.605-2.505 9.717 9.717 0 0 1 6.756 8.937 9.206 9.206 0 0 1-2.152 6.506 5.058 5.058 0 0 1-4.946 1.816A2.857 2.857 0 0 1 32.24 27.4a2.715 2.715 0 0 1-.264-2.11c.875-3.306 1.764-8.33 1.773-8.38a1 1 0 1 1 1.97.348c-.037.209-.913 5.157-1.809 8.543a.722.722 0 0 0 .045.569.89.89 0 0 0 .58.357 3.106 3.106 0 0 0 2.985-1.185 7.198 7.198 0 0 0 1.66-5.087 7.735 7.735 0 0 0-5.356-7.13 10.701 10.701 0 0 0-9.734 2.135c-.321.267-.634.546-.934.838-1.554 1.512-4.037 4.65-3.2 8.68a8.098 8.098 0 0 0 5.285 6.064c4.69 1.496 11.43 1.677 14.98-2.738a1 1 0 0 1 1.559 1.252c-2.626 3.266-6.622 4.434-10.542 4.434z\"><\/path><path d=\"M27.815 28.805a4.598 4.598 0 0 1-2.92-.981c-1.919-1.536-1.972-4.205-1.434-6.022.182-.605.425-1.19.727-1.745a8.198 8.198 0 0 1 3.435-3.565 4.729 4.729 0 0 1 5.563.896 7.484 7.484 0 0 1 1.594 2.746 1 1 0 0 1-1.884.67 5.579 5.579 0 0 0-1.156-2.035 2.707 2.707 0 0 0-3.234-.483 6.269 6.269 0 0 0-2.565 2.733 7.16 7.16 0 0 0-.563 1.356c-.389 1.314-.303 3.03.769 3.888 1.172.942 3.15.544 4.263-.416a11.152 11.152 0 0 0 2.113-2.572 1 1 0 1 1 1.7 1.055 13.128 13.128 0 0 1-2.503 3.027 6.144 6.144 0 0 1-3.905 1.448z\"><\/path><path d=\"M57 60H3a3.003 3.003 0 0 1-3-3V20a1 1 0 0 1 1.64-.769l24.536 20.392a6.005 6.005 0 0 0 7.65 0L58.36 19.23A1 1 0 0 1 60 20v37a3.003 3.003 0 0 1-3 3zM2 22.131V57c0 .552.448 1 1 1h54a1 1 0 0 0 1-1V22.131l-22.898 19.03a8.01 8.01 0 0 1-10.203.002z\"><\/path><path d=\"M1.001 21a1 1 0 0 1-.58-1.816l9-6.38a1 1 0 0 1 1.157 1.632l-9 6.38a.994.994 0 0 1-.577.184zM58.999 21a.994.994 0 0 1-.577-.184l-9-6.38a1 1 0 0 1 1.156-1.632l9 6.38A1 1 0 0 1 59 21zM39.24 7a.997.997 0 0 1-.578-.184l-4.78-3.39a6.01 6.01 0 0 0-7.703-.047l-4.84 3.437a1 1 0 1 1-1.157-1.632l4.78-3.39a7.963 7.963 0 0 1 10.137.046l4.72 3.344A1 1 0 0 1 39.239 7zM1.65 59.46a1 1 0 0 1-.64-1.77l22.82-18.96a1 1 0 1 1 1.278 1.539l-22.82 18.96a.997.997 0 0 1-.638.231zM58.349 59.46a.994.994 0 0 1-.638-.231l-22.82-18.96a1 1 0 1 1 1.278-1.538l22.82 18.96a1 1 0 0 1-.64 1.77z\"><\/path><path d=\"M50 28.48a1 1 0 0 1-1-1V7.008c-.003.02-.043-.008-.11-.008H11.11a.162.162 0 0 0-.12.043L11 27.48a1 1 0 0 1-2 0V7a2.06 2.06 0 0 1 2.11-2h37.78A2.06 2.06 0 0 1 51 7v20.48a1 1 0 0 1-1 1z\"><\/path><\/g><\/svg><\/span><span class=\"gb-text\">florinaroztocze@gmail.com<\/span><\/div>\n\n\n\n<hr class=\"wp-block-separator has-text-color has-custom-violett-dark-color has-alpha-channel-opacity has-custom-violett-dark-background-color has-background is-style-wide wp-container-content-9d25eabc\"\/>\n\n\n\n<div class=\"gb-text-with-icon\"><span class=\"gb-shape\"><svg viewbox=\"0 0 128 128\"><path d=\"M62.594 112.389a1.755 1.755 0 0 0 1.383.708H64a1.749 1.749 0 0 0 1.377-.671c1.448-1.847 35.45-45.549 35.45-73.227a36.827 36.827 0 0 0-73.654 0c0 10.6 5.981 26.165 17.779 46.26 8.716 14.846 17.554 26.811 17.642 26.93ZM64 5.872A33.364 33.364 0 0 1 97.327 39.2c0 23.369-26.776 60.519-33.291 69.21C57.6 99.383 30.673 60.388 30.673 39.2A33.364 33.364 0 0 1 64 5.872Z\"><\/path><path d=\"M85.17 39.2A21.17 21.17 0 1 0 64 60.369 21.193 21.193 0 0 0 85.17 39.2ZM64 56.869A17.67 17.67 0 1 1 81.67 39.2 17.69 17.69 0 0 1 64 56.869ZM81.844 101.166a1.751 1.751 0 0 0-.426 3.475c15.067 1.849 19.942 5.337 19.942 6.736 0 2.627-13.186 7.74-37.36 7.74s-37.36-5.117-37.36-7.74c0-1.5 4.781-4.569 17.613-6.425a1.751 1.751 0 0 0-.5-3.465c-9.4 1.361-20.612 4.18-20.612 9.89 0 8.247 24.435 11.24 40.86 11.24s40.86-2.993 40.86-11.24c-.001-6.426-14.421-9.155-23.017-10.211Z\"><\/path><\/svg><\/span><span class=\"gb-text\">Wyzwolenia 72<br>22-600 Rog\u00f3\u017ano<\/span><\/div>\n\n\n\n<iframe src=\"https:\/\/www.google.com\/maps\/embed?pb=!1m18!1m12!1m3!1d20317.895443314395!2d23.37263383353258!3d50.46462327159489!2m3!1f0!2f0!3f0!3m2!1i1024!2i768!4f13.1!3m3!1m2!1s0x4724af4addef45e5%3A0x6045e697ab79af97!2sWyzwolenia%2072%2C%2022-600%20Rog%C3%B3%C5%BAno!5e0!3m2!1spl!2spl!4v1754042605368!5m2!1spl!2spl\" width=\"100%\" height=\"400\" style=\"border:0;\" allowfullscreen=\"\" loading=\"lazy\" referrerpolicy=\"no-referrer-when-downgrade\"><\/iframe>\n<\/div>\n<\/div>\n\n\n\n<div class=\"gb-element-99832a37\">\n<h2 class=\"gb-text\">Contact Form<\/h2>\n\n\n\n<div class=\"wp-block-contact-form-7-contact-form-selector\">\n<div class=\"wpcf7 no-js\" id=\"wpcf7-f9-o1\" lang=\"pl-PL\" dir=\"ltr\" data-wpcf7-id=\"9\">\n<div class=\"screen-reader-response\"><p role=\"status\" aria-live=\"polite\" aria-atomic=\"true\"><\/p> <ul><\/ul><\/div>\n<form action=\"\/en\/wp-json\/wp\/v2\/pages\/46#wpcf7-f9-o1\" method=\"post\" class=\"wpcf7-form init\" aria-label=\"Contact Form\" novalidate=\"novalidate\" data-status=\"init\" data-trp-original-action=\"\/en\/wp-json\/wp\/v2\/pages\/46#wpcf7-f9-o1\">\n<fieldset class=\"hidden-fields-container\"><input type=\"hidden\" name=\"_wpcf7\" value=\"9\" \/><input type=\"hidden\" name=\"_wpcf7_version\" value=\"6.1.5\" \/><input type=\"hidden\" name=\"_wpcf7_locale\" value=\"pl_PL\" \/><input type=\"hidden\" name=\"_wpcf7_unit_tag\" value=\"wpcf7-f9-o1\" \/><input type=\"hidden\" name=\"_wpcf7_container_post\" value=\"0\" \/><input type=\"hidden\" name=\"_wpcf7_posted_data_hash\" value=\"\" \/><input type=\"hidden\" name=\"_wpcf7_recaptcha_response\" value=\"\" \/>\n<\/fieldset>\n<p><label> <span class=\"wpcf7-form-control-wrap\" data-name=\"your-name\"><input size=\"40\" maxlength=\"400\" class=\"wpcf7-form-control wpcf7-text wpcf7-validates-as-required\" autocomplete=\"name\" aria-required=\"true\" aria-invalid=\"false\" placeholder=\"Name\" value=\"\" type=\"text\" name=\"your-name\" \/><\/span> <\/label>\n<\/p>\n<p><label> <span class=\"wpcf7-form-control-wrap\" data-name=\"your-email\"><input size=\"40\" maxlength=\"400\" class=\"wpcf7-form-control wpcf7-email wpcf7-validates-as-required wpcf7-text wpcf7-validates-as-email\" autocomplete=\"email\" aria-required=\"true\" aria-invalid=\"false\" placeholder=\"Email\" value=\"\" type=\"email\" name=\"your-email\" \/><\/span> <\/label>\n<\/p>\n<p><label> <span class=\"wpcf7-form-control-wrap\" data-name=\"your-message\"><textarea cols=\"40\" rows=\"10\" maxlength=\"2000\" class=\"wpcf7-form-control wpcf7-textarea\" aria-invalid=\"false\" placeholder=\"Message\" name=\"your-message\"><\/textarea><\/span> <\/label>\n<\/p>\n<p><label> <span class=\"wpcf7-form-control-wrap\" data-name=\"your-acceptance\"><span class=\"wpcf7-form-control wpcf7-acceptance\"><span class=\"wpcf7-list-item\"><label><input type=\"checkbox\" name=\"your-acceptance\" value=\"1\" aria-invalid=\"false\" \/><span class=\"wpcf7-list-item-label\">I consent to the processing of my personal data provided in this form for the purpose of receiving a response to my inquiry.<\/span><\/label><\/span><\/span><\/span> <\/label>\n<\/p>\n<p><input class=\"wpcf7-form-control wpcf7-submit has-spinner\" type=\"submit\" value=\"Send\" \/>\n<\/p><div class=\"wpcf7-response-output\" aria-hidden=\"true\"><\/div>\n<input type=\"hidden\" name=\"trp-form-language\" value=\"en\"\/><\/form>\n<\/div>\n<\/div>\n<\/div>\n<\/div>\n<\/div>\n\n\n\n<div class=\"gb-inner-container\">\n<h2 class=\"gb-text gb-text-93b6009a\">Availability calendar<\/h2>\n\n\n\n<div class=\"gb-element-54802ac1\">\n<div id=\"smoobuApartment2820283pl\" class=\"calendarWidget\"> <div class=\"calendarContent\" data-load-calendar-url=\"https:\/\/login.smoobu.com\/pl\/cockpit\/widget\/single-calendar\/2820283\" data-verification=\"f039afbdef81ce69609c1f50ea362b3d2c8eb532843e61bbdfc652bf0981464c\" data-baseurl=\"https:\/\/login.smoobu.com\" data-disable-css=\"false\" ><\/div> <script type=\"text\/javascript\" src=\"https:\/\/login.smoobu.com\/js\/Apartment\/CalendarWidget.js\"><\/script><\/div>\n\n\n\n<a class=\"gb-primary-button\" href=\"\/en\/rezerwacja\/\"><span class=\"gb-text\">Book an appointment<\/span><span class=\"gb-shape\"><svg width=\"25\" height=\"25\" fill=\"none\" style=\"-webkit-print-color-adjust:exact\" viewbox=\"-0.5 -0.5 25 25\"><g class=\"feather feather-arrow-right\" style=\"fill:#000\"><path fill=\"none\" d=\"M5 12h14\" class=\"fills\" style=\"fill:none\"><\/path><g class=\"strokes\"><path stroke-linecap=\"round\" stroke-linejoin=\"round\" d=\"M5 12h14\" class=\"stroke-shape\" style=\"fill:none;stroke-width:1;stroke:#fbf3e9;stroke-opacity:1\"><\/path><\/g><path fill=\"none\" d=\"m12 5 7 7-7 7\" class=\"fills\" style=\"fill:none\"><\/path><g class=\"strokes\"><path stroke-linecap=\"round\" stroke-linejoin=\"round\" d=\"m12 5 7 7-7 7\" class=\"stroke-shape\" style=\"fill:none;stroke-width:1;stroke:#fbf3e9;stroke-opacity:1\"><\/path><\/g><\/g><\/svg><\/span><\/a>\n<\/div>\n<\/div>","protected":false},"excerpt":{"rendered":"<p>Kontakt Rezerwuj termin Dane kontaktowe 574 494 264 florinaroztocze@gmail.com Wyzwolenia 7222-600 Rog\u00f3\u017ano Formularz kontaktowy Kalendarz dost\u0119pno\u015bci Rezerwuj termin<\/p>","protected":false},"author":1,"featured_media":1015,"parent":0,"menu_order":0,"comment_status":"closed","ping_status":"closed","template":"","meta":{"footnotes":""},"class_list":["post-46","page","type-page","status-publish","has-post-thumbnail","hentry"],"yoast_head":"<!-- This site is optimized with the Yoast SEO plugin v27.4 - https:\/\/yoast.com\/product\/yoast-seo-wordpress\/ -->\n<title>Kontakt - Rezydencja Florina<\/title>\n<meta name=\"robots\" content=\"index, follow, max-snippet:-1, max-image-preview:large, max-video-preview:-1\" \/>\n<link rel=\"canonical\" href=\"https:\/\/rezydencjaflorina.pl\/en\/kontakt\/\" \/>\n<meta property=\"og:locale\" content=\"en_US\" \/>\n<meta property=\"og:type\" content=\"article\" \/>\n<meta property=\"og:title\" content=\"Kontakt - Rezydencja Florina\" \/>\n<meta property=\"og:description\" content=\"Kontakt Rezerwuj termin Dane kontaktowe 574 494 264 florinaroztocze@gmail.com Wyzwolenia 7222-600 Rog\u00f3\u017ano Formularz kontaktowy Kalendarz dost\u0119pno\u015bci Rezerwuj termin\" \/>\n<meta property=\"og:url\" content=\"https:\/\/rezydencjaflorina.pl\/en\/kontakt\/\" \/>\n<meta property=\"og:site_name\" content=\"Rezydencja Florina\" \/>\n<meta property=\"article:modified_time\" content=\"2026-03-13T15:26:15+00:00\" \/>\n<meta property=\"og:image\" content=\"https:\/\/rezydencjaflorina.pl\/wp-content\/uploads\/2026\/03\/social_image.jpg\" \/>\n\t<meta property=\"og:image:width\" content=\"960\" \/>\n\t<meta property=\"og:image:height\" content=\"768\" \/>\n\t<meta property=\"og:image:type\" content=\"image\/jpeg\" \/>\n<meta name=\"twitter:card\" content=\"summary_large_image\" \/>\n<meta name=\"twitter:label1\" content=\"Est. reading time\" \/>\n\t<meta name=\"twitter:data1\" content=\"1 minute\" \/>\n<script type=\"application\/ld+json\" class=\"yoast-schema-graph\">{\"@context\":\"https:\\\/\\\/schema.org\",\"@graph\":[{\"@type\":\"WebPage\",\"@id\":\"https:\\\/\\\/rezydencjaflorina.pl\\\/kontakt\\\/\",\"url\":\"https:\\\/\\\/rezydencjaflorina.pl\\\/kontakt\\\/\",\"name\":\"Kontakt - Rezydencja Florina\",\"isPartOf\":{\"@id\":\"https:\\\/\\\/rezydencjaflorina.pl\\\/#website\"},\"primaryImageOfPage\":{\"@id\":\"https:\\\/\\\/rezydencjaflorina.pl\\\/kontakt\\\/#primaryimage\"},\"image\":{\"@id\":\"https:\\\/\\\/rezydencjaflorina.pl\\\/kontakt\\\/#primaryimage\"},\"thumbnailUrl\":\"https:\\\/\\\/rezydencjaflorina.pl\\\/wp-content\\\/uploads\\\/2026\\\/03\\\/social_image.jpg\",\"datePublished\":\"2025-07-28T11:06:21+00:00\",\"dateModified\":\"2026-03-13T15:26:15+00:00\",\"breadcrumb\":{\"@id\":\"https:\\\/\\\/rezydencjaflorina.pl\\\/kontakt\\\/#breadcrumb\"},\"inLanguage\":\"en-US\",\"potentialAction\":[{\"@type\":\"ReadAction\",\"target\":[\"https:\\\/\\\/rezydencjaflorina.pl\\\/kontakt\\\/\"]}]},{\"@type\":\"ImageObject\",\"inLanguage\":\"en-US\",\"@id\":\"https:\\\/\\\/rezydencjaflorina.pl\\\/kontakt\\\/#primaryimage\",\"url\":\"https:\\\/\\\/rezydencjaflorina.pl\\\/wp-content\\\/uploads\\\/2026\\\/03\\\/social_image.jpg\",\"contentUrl\":\"https:\\\/\\\/rezydencjaflorina.pl\\\/wp-content\\\/uploads\\\/2026\\\/03\\\/social_image.jpg\",\"width\":960,\"height\":768},{\"@type\":\"BreadcrumbList\",\"@id\":\"https:\\\/\\\/rezydencjaflorina.pl\\\/kontakt\\\/#breadcrumb\",\"itemListElement\":[{\"@type\":\"ListItem\",\"position\":1,\"name\":\"Strona g\u0142\u00f3wna\",\"item\":\"https:\\\/\\\/rezydencjaflorina.pl\\\/\"},{\"@type\":\"ListItem\",\"position\":2,\"name\":\"Kontakt\"}]},{\"@type\":\"WebSite\",\"@id\":\"https:\\\/\\\/rezydencjaflorina.pl\\\/#website\",\"url\":\"https:\\\/\\\/rezydencjaflorina.pl\\\/\",\"name\":\"Rezydencja Florina\",\"description\":\"\",\"potentialAction\":[{\"@type\":\"SearchAction\",\"target\":{\"@type\":\"EntryPoint\",\"urlTemplate\":\"https:\\\/\\\/rezydencjaflorina.pl\\\/?s={search_term_string}\"},\"query-input\":{\"@type\":\"PropertyValueSpecification\",\"valueRequired\":true,\"valueName\":\"search_term_string\"}}],\"inLanguage\":\"en-US\"}]}<\/script>\n<!-- \/ Yoast SEO plugin. -->","yoast_head_json":{"title":"Kontakt - Rezydencja Florina","robots":{"index":"index","follow":"follow","max-snippet":"max-snippet:-1","max-image-preview":"max-image-preview:large","max-video-preview":"max-video-preview:-1"},"canonical":"https:\/\/rezydencjaflorina.pl\/en\/kontakt\/","og_locale":"en_US","og_type":"article","og_title":"Kontakt - Rezydencja Florina","og_description":"Kontakt Rezerwuj termin Dane kontaktowe 574 494 264 florinaroztocze@gmail.com Wyzwolenia 7222-600 Rog\u00f3\u017ano Formularz kontaktowy Kalendarz dost\u0119pno\u015bci Rezerwuj termin","og_url":"https:\/\/rezydencjaflorina.pl\/en\/kontakt\/","og_site_name":"Rezydencja Florina","article_modified_time":"2026-03-13T15:26:15+00:00","og_image":[{"width":960,"height":768,"url":"https:\/\/rezydencjaflorina.pl\/wp-content\/uploads\/2026\/03\/social_image.jpg","type":"image\/jpeg"}],"twitter_card":"summary_large_image","twitter_misc":{"Est. reading time":"1 minute"},"schema":{"@context":"https:\/\/schema.org","@graph":[{"@type":"WebPage","@id":"https:\/\/rezydencjaflorina.pl\/kontakt\/","url":"https:\/\/rezydencjaflorina.pl\/kontakt\/","name":"Kontakt - Rezydencja Florina","isPartOf":{"@id":"https:\/\/rezydencjaflorina.pl\/#website"},"primaryImageOfPage":{"@id":"https:\/\/rezydencjaflorina.pl\/kontakt\/#primaryimage"},"image":{"@id":"https:\/\/rezydencjaflorina.pl\/kontakt\/#primaryimage"},"thumbnailUrl":"https:\/\/rezydencjaflorina.pl\/wp-content\/uploads\/2026\/03\/social_image.jpg","datePublished":"2025-07-28T11:06:21+00:00","dateModified":"2026-03-13T15:26:15+00:00","breadcrumb":{"@id":"https:\/\/rezydencjaflorina.pl\/kontakt\/#breadcrumb"},"inLanguage":"en-US","potentialAction":[{"@type":"ReadAction","target":["https:\/\/rezydencjaflorina.pl\/kontakt\/"]}]},{"@type":"ImageObject","inLanguage":"en-US","@id":"https:\/\/rezydencjaflorina.pl\/kontakt\/#primaryimage","url":"https:\/\/rezydencjaflorina.pl\/wp-content\/uploads\/2026\/03\/social_image.jpg","contentUrl":"https:\/\/rezydencjaflorina.pl\/wp-content\/uploads\/2026\/03\/social_image.jpg","width":960,"height":768},{"@type":"BreadcrumbList","@id":"https:\/\/rezydencjaflorina.pl\/kontakt\/#breadcrumb","itemListElement":[{"@type":"ListItem","position":1,"name":"Strona g\u0142\u00f3wna","item":"https:\/\/rezydencjaflorina.pl\/"},{"@type":"ListItem","position":2,"name":"Kontakt"}]},{"@type":"WebSite","@id":"https:\/\/rezydencjaflorina.pl\/#website","url":"https:\/\/rezydencjaflorina.pl\/","name":"Rezydencja Florina","description":"","potentialAction":[{"@type":"SearchAction","target":{"@type":"EntryPoint","urlTemplate":"https:\/\/rezydencjaflorina.pl\/?s={search_term_string}"},"query-input":{"@type":"PropertyValueSpecification","valueRequired":true,"valueName":"search_term_string"}}],"inLanguage":"en-US"}]}},"_links":{"self":[{"href":"https:\/\/rezydencjaflorina.pl\/en\/wp-json\/wp\/v2\/pages\/46","targetHints":{"allow":["GET"]}}],"collection":[{"href":"https:\/\/rezydencjaflorina.pl\/en\/wp-json\/wp\/v2\/pages"}],"about":[{"href":"https:\/\/rezydencjaflorina.pl\/en\/wp-json\/wp\/v2\/types\/page"}],"author":[{"embeddable":true,"href":"https:\/\/rezydencjaflorina.pl\/en\/wp-json\/wp\/v2\/users\/1"}],"replies":[{"embeddable":true,"href":"https:\/\/rezydencjaflorina.pl\/en\/wp-json\/wp\/v2\/comments?post=46"}],"version-history":[{"count":10,"href":"https:\/\/rezydencjaflorina.pl\/en\/wp-json\/wp\/v2\/pages\/46\/revisions"}],"predecessor-version":[{"id":657,"href":"https:\/\/rezydencjaflorina.pl\/en\/wp-json\/wp\/v2\/pages\/46\/revisions\/657"}],"wp:featuredmedia":[{"embeddable":true,"href":"https:\/\/rezydencjaflorina.pl\/en\/wp-json\/wp\/v2\/media\/1015"}],"wp:attachment":[{"href":"https:\/\/rezydencjaflorina.pl\/en\/wp-json\/wp\/v2\/media?parent=46"}],"curies":[{"name":"wp","href":"https:\/\/api.w.org\/{rel}","templated":true}]}}